{"id":2459,"date":"2024-01-16T17:16:43","date_gmt":"2024-01-16T17:16:43","guid":{"rendered":"https:\/\/scap-servicios.com\/scap-servicios\/reparaciones\/"},"modified":"2024-11-27T13:18:53","modified_gmt":"2024-11-27T13:18:53","slug":"reparaciones","status":"publish","type":"page","link":"https:\/\/scap-servicios.com\/es\/scap-servicios\/reparaciones\/","title":{"rendered":"Reparaciones"},"content":{"rendered":"<p><div class=\"fusion-fullwidth fullwidth-box fusion-builder-row-1 fusion-flex-container has-pattern-background has-mask-background fusion-parallax-none nonhundred-percent-fullwidth non-hundred-percent-height-scrolling lazyload\" style=\"--awb-border-radius-top-left:0px;--awb-border-radius-top-right:0px;--awb-border-radius-bottom-right:0px;--awb-border-radius-bottom-left:0px;--awb-padding-top:240px;--awb-padding-bottom:240px;--awb-background-size:cover;--awb-flex-wrap:wrap;\" data-bg=\"http:\/\/scap-servicios.com\/wp-content\/uploads\/2024\/01\/Design-ohne-Titel-46.png\" ><div class=\"fusion-builder-row fusion-row fusion-flex-align-items-flex-start fusion-flex-align-content-center fusion-flex-content-wrap\" style=\"max-width:1216.8px;margin-left: calc(-4% \/ 2 );margin-right: calc(-4% \/ 2 );\"><div class=\"fusion-layout-column fusion_builder_column fusion-builder-column-0 fusion_builder_column_1_1 1_1 fusion-flex-column fusion-animated\" style=\"--awb-bg-size:cover;--awb-width-large:100%;--awb-margin-top-large:0px;--awb-spacing-right-large:1.92%;--awb-margin-bottom-large:0px;--awb-spacing-left-large:1.92%;--awb-width-medium:100%;--awb-order-medium:0;--awb-spacing-right-medium:1.92%;--awb-spacing-left-medium:1.92%;--awb-width-small:100%;--awb-order-small:0;--awb-spacing-right-small:1.92%;--awb-spacing-left-small:1.92%;\" data-animationType=\"fadeInUp\" data-animationDuration=\"1.0\" data-animationOffset=\"top-into-view\"><div class=\"fusion-column-wrapper fusion-column-has-shadow fusion-flex-justify-content-flex-start fusion-content-layout-column\"><div class=\"fusion-title title fusion-title-1 fusion-sep-none fusion-title-center fusion-title-text fusion-title-size-one\" style=\"--awb-text-color:var(--awb-color1);--awb-margin-bottom:0px;--awb-margin-top-small:0px;--awb-margin-right-small:0px;--awb-margin-bottom-small:20px;--awb-margin-left-small:0px;--awb-font-size:var(--awb-typography1-font-size);\"><h1 class=\"fusion-title-heading title-heading-center fusion-responsive-typography-calculated\" style=\"font-family:&quot;Raleway&quot;;font-style:normal;font-weight:800;margin:0;letter-spacing:var(--awb-typography1-letter-spacing);text-transform:var(--awb-typography1-text-transform);font-size:1em;--fontSize:60;line-height:var(--awb-typography1-line-height);\">Reparaciones<\/h1><\/div><\/div><\/div><\/div><\/div><div class=\"fusion-fullwidth fullwidth-box fusion-builder-row-2 fusion-flex-container nonhundred-percent-fullwidth non-hundred-percent-height-scrolling\" style=\"--awb-background-position:left top;--awb-border-sizes-top:0px;--awb-border-sizes-bottom:0px;--awb-border-sizes-left:0px;--awb-border-sizes-right:0px;--awb-border-radius-top-left:0px;--awb-border-radius-top-right:0px;--awb-border-radius-bottom-right:0px;--awb-border-radius-bottom-left:0px;--awb-padding-top:50px;--awb-padding-bottom:50px;--awb-background-color:var(--awb-color5);--awb-flex-wrap:wrap;\" ><div class=\"fusion-builder-row fusion-row fusion-flex-align-items-flex-start fusion-flex-content-wrap\" style=\"max-width:calc( 1170px + 0px );margin-left: calc(-0px \/ 2 );margin-right: calc(-0px \/ 2 );\"><div class=\"fusion-layout-column fusion_builder_column fusion-builder-column-1 fusion_builder_column_1_1 1_1 fusion-flex-column\" style=\"--awb-bg-blend:overlay;--awb-bg-size:cover;--awb-width-large:100%;--awb-margin-top-large:0px;--awb-spacing-right-large:0px;--awb-margin-bottom-large:0px;--awb-spacing-left-large:0px;--awb-width-medium:100%;--awb-spacing-right-medium:0px;--awb-spacing-left-medium:0px;--awb-width-small:100%;--awb-spacing-right-small:0px;--awb-spacing-left-small:0px;\"><div class=\"fusion-column-wrapper fusion-flex-justify-content-flex-start fusion-content-layout-column\"><div class=\"fusion-title title fusion-title-2 fusion-sep-none fusion-title-center fusion-title-text fusion-title-size-four\" style=\"--awb-margin-top-small:0px;--awb-margin-right-small:0px;--awb-margin-bottom-small:10px;--awb-margin-left-small:0px;\"><h4 class=\"fusion-title-heading title-heading-center fusion-responsive-typography-calculated\" style=\"margin:0;text-transform:none;--fontSize:18;--minFontSize:18;line-height:1.52;\">Nos encargamos de la instalaci\u00f3n, mantenimiento y reparaci\u00f3n de equipos t\u00e9cnicos, as\u00ed como de renovaciones de todo tipo. Tambi\u00e9n le ayudamos en la adquisici\u00f3n y compra de cualquier tipo de mobiliario o accesorio para su hogar.<\/h4><\/div><\/div><\/div><\/div><\/div><div class=\"fusion-fullwidth fullwidth-box fusion-builder-row-3 fusion-flex-container nonhundred-percent-fullwidth non-hundred-percent-height-scrolling\" style=\"--awb-background-position:left top;--awb-border-sizes-top:0px;--awb-border-sizes-bottom:0px;--awb-border-sizes-left:0px;--awb-border-sizes-right:0px;--awb-border-radius-top-left:0px;--awb-border-radius-top-right:0px;--awb-border-radius-bottom-right:0px;--awb-border-radius-bottom-left:0px;--awb-padding-top:0px;--awb-padding-bottom:20px;--awb-background-color:var(--awb-color1);--awb-flex-wrap:wrap;\" ><div class=\"fusion-builder-row fusion-row fusion-flex-align-items-flex-start fusion-flex-content-wrap\" style=\"max-width:calc( 1170px + 0px );margin-left: calc(-0px \/ 2 );margin-right: calc(-0px \/ 2 );\"><div class=\"fusion-layout-column fusion_builder_column fusion-builder-column-2 fusion_builder_column_1_1 1_1 fusion-flex-column\" style=\"--awb-bg-blend:overlay;--awb-bg-size:cover;--awb-width-large:100%;--awb-margin-top-large:-22px;--awb-spacing-right-large:0px;--awb-margin-bottom-large:0px;--awb-spacing-left-large:0px;--awb-width-medium:100%;--awb-spacing-right-medium:0px;--awb-spacing-left-medium:0px;--awb-width-small:100%;--awb-spacing-right-small:0px;--awb-spacing-left-small:0px;\"><div class=\"fusion-column-wrapper fusion-flex-justify-content-flex-start fusion-content-layout-column\"><div style=\"text-align:center;\"><a class=\"fusion-button button-flat fusion-button-default-size button-custom fusion-button-default button-1 fusion-button-default-span fusion-button-default-type dark-button\" style=\"--button_accent_color:var(--awb-color1);--button_border_color:var(--awb-color1);--button_accent_hover_color:var(--awb-color8);--button_border_hover_color:var(--awb-color8);--button_border_width-top:2px;--button_border_width-right:2px;--button_border_width-bottom:2px;--button_border_width-left:2px;--button_gradient_top_color:var(--awb-color8);--button_gradient_bottom_color:var(--awb-color8);--button_gradient_top_color_hover:var(--awb-color1);--button_gradient_bottom_color_hover:var(--awb-color1);\" target=\"_blank\" rel=\"noopener noreferrer\" href=\"https:\/\/scap-servicios.com\/es\/contacte\/\"><span class=\"fusion-button-text awb-button__text awb-button__text--default\">Solicitar servicios<\/span><\/a><\/div><\/div><\/div><\/div><\/div><div class=\"fusion-fullwidth fullwidth-box fusion-builder-row-4 fusion-flex-container nonhundred-percent-fullwidth non-hundred-percent-height-scrolling\" style=\"--awb-background-position:left top;--awb-border-sizes-top:0px;--awb-border-sizes-bottom:0px;--awb-border-sizes-left:0px;--awb-border-sizes-right:0px;--awb-border-radius-top-left:0px;--awb-border-radius-top-right:0px;--awb-border-radius-bottom-right:0px;--awb-border-radius-bottom-left:0px;--awb-padding-top:3%;--awb-padding-bottom:2%;--awb-background-color:var(--awb-color1);--awb-flex-wrap:wrap;\" ><div class=\"fusion-builder-row fusion-row fusion-flex-align-items-flex-start fusion-flex-content-wrap\" style=\"max-width:1216.8px;margin-left: calc(-4% \/ 2 );margin-right: calc(-4% \/ 2 );\"><div class=\"fusion-layout-column fusion_builder_column fusion-builder-column-3 fusion_builder_column_1_1 1_1 fusion-flex-column\" style=\"--awb-bg-blend:overlay;--awb-bg-size:cover;--awb-width-large:100%;--awb-margin-top-large:50px;--awb-spacing-right-large:1.92%;--awb-margin-bottom-large:25px;--awb-spacing-left-large:1.92%;--awb-width-medium:100%;--awb-margin-top-medium:30px;--awb-spacing-right-medium:1.92%;--awb-spacing-left-medium:1.92%;--awb-width-small:100%;--awb-margin-top-small:10px;--awb-spacing-right-small:1.92%;--awb-spacing-left-small:1.92%;\"><div class=\"fusion-column-wrapper fusion-flex-justify-content-flex-start fusion-content-layout-column\"><div class=\"fusion-tabs fusion-tabs-1 clean vertical-tabs icon-position-left mobile-mode-accordion\" style=\"--awb-title-border-radius-top-left:0px;--awb-title-border-radius-top-right:0px;--awb-title-border-radius-bottom-right:0px;--awb-title-border-radius-bottom-left:0px;--awb-alignment:start;--awb-inactive-color:var(--awb-color2);--awb-background-color:var(--awb-color5);--awb-border-color:rgba(245,245,245,0);--awb-active-border-color:var(--awb-color5);\"><div class=\"nav\"><ul class=\"nav-tabs\" role=\"tablist\" aria-orientation=\"vertical\"><li class=\"active\" role=\"presentation\"><a class=\"tab-link\" data-toggle=\"tab\" role=\"tab\" aria-controls=\"tab-15625a2dbd523d3362c\" aria-selected=\"true\" tabindex=\"0\" id=\"fusion-tab-15625a2dbd523d3362c\" href=\"#tab-15625a2dbd523d3362c\"><h4 class=\"fusion-tab-heading\">Trabajos de Carpinter\u00eda<\/h4><\/a><\/li><li  role=\"presentation\"><a class=\"tab-link\" data-toggle=\"tab\" role=\"tab\" aria-controls=\"tab-b21eef75a48a8b127d2\" aria-selected=\"false\" tabindex=\"-1\" id=\"fusion-tab-b21eef75a48a8b127d2\" href=\"#tab-b21eef75a48a8b127d2\"><h4 class=\"fusion-tab-heading\">Trabajos de Electricidad<\/h4><\/a><\/li><li  role=\"presentation\"><a class=\"tab-link\" data-toggle=\"tab\" role=\"tab\" aria-controls=\"tab-06d7778daaa16ee190e\" aria-selected=\"false\" tabindex=\"-1\" id=\"fusion-tab-06d7778daaa16ee190e\" href=\"#tab-06d7778daaa16ee190e\"><h4 class=\"fusion-tab-heading\">Trabajos de Pintura<\/h4><\/a><\/li><li  role=\"presentation\"><a class=\"tab-link\" data-toggle=\"tab\" role=\"tab\" aria-controls=\"tab-821ba481c31c74ea4ab\" aria-selected=\"false\" tabindex=\"-1\" id=\"fusion-tab-821ba481c31c74ea4ab\" href=\"#tab-821ba481c31c74ea4ab\"><h4 class=\"fusion-tab-heading\">Trabajos de Alba\u00f1iler\u00eda<\/h4><\/a><\/li><li  role=\"presentation\"><a class=\"tab-link\" data-toggle=\"tab\" role=\"tab\" aria-controls=\"tab-dedf32e6eea6b59f6ed\" aria-selected=\"false\" tabindex=\"-1\" id=\"fusion-tab-dedf32e6eea6b59f6ed\" href=\"#tab-dedf32e6eea6b59f6ed\"><h4 class=\"fusion-tab-heading\"> Trabajos de Fontaner\u00eda<\/h4><\/a><\/li><\/ul><\/div><div class=\"tab-content\"><div class=\"nav fusion-mobile-tab-nav\"><ul class=\"nav-tabs\" role=\"tablist\" aria-orientation=\"vertical\"><li class=\"active\" role=\"presentation\"><a class=\"tab-link\" data-toggle=\"tab\" role=\"tab\" aria-controls=\"tab-15625a2dbd523d3362c\" aria-selected=\"true\" tabindex=\"0\" id=\"mobile-fusion-tab-15625a2dbd523d3362c\" href=\"#tab-15625a2dbd523d3362c\"><h4 class=\"fusion-tab-heading\">Trabajos de Carpinter\u00eda<\/h4><\/a><\/li><\/ul><\/div><div class=\"tab-pane fade fusion-clearfix in active\" role=\"tabpanel\" tabindex=\"0\" aria-labelledby=\"fusion-tab-15625a2dbd523d3362c\" id=\"tab-15625a2dbd523d3362c\">\n<p>Nos ocupamos de reformas, reparaciones y proyectos de interiorismo; fabricamos muebles y cocinas personalizados, y somos especialistas en armarios empotrados, puertas, ventanas y persianas de madera, PVC o aluminio.<\/p>\n<ul>\n<li>Reparaci\u00f3n de sus muebles<\/li>\n<li>Reparaci\u00f3n de puertas, ventanas y persianas (madera o metal)<\/li>\n<\/ul>\n<\/div><div class=\"nav fusion-mobile-tab-nav\"><ul class=\"nav-tabs\" role=\"tablist\" aria-orientation=\"vertical\"><li  role=\"presentation\"><a class=\"tab-link\" data-toggle=\"tab\" role=\"tab\" aria-controls=\"tab-b21eef75a48a8b127d2\" aria-selected=\"false\" tabindex=\"-1\" id=\"mobile-fusion-tab-b21eef75a48a8b127d2\" href=\"#tab-b21eef75a48a8b127d2\"><h4 class=\"fusion-tab-heading\">Trabajos de Electricidad<\/h4><\/a><\/li><\/ul><\/div><div class=\"tab-pane fade fusion-clearfix\" role=\"tabpanel\" tabindex=\"0\" aria-labelledby=\"fusion-tab-b21eef75a48a8b127d2\" id=\"tab-b21eef75a48a8b127d2\">\n<p>Le ofrecemos un servicio profesional para cualquier instalaci\u00f3n el\u00e9ctrica. Nuestro equipo t\u00e9cnico realiza la planificaci\u00f3n, instalaci\u00f3n, mantenimiento y reparaci\u00f3n de manera r\u00e1pida y confiable. Desarrollamos soluciones a medida teniendo en cuenta las condiciones del espacio, los requisitos t\u00e9cnicos y las necesidades de nuestros clientes.<\/p>\n<ul>\n<li>Reparaci\u00f3n de instalaciones el\u00e9ctricas<\/li>\n<li>Sustituci\u00f3n de accesorios el\u00e9ctricos<\/li>\n<li>Reparaci\u00f3n de sistemas complejos de iluminaci\u00f3n interior y exterior<\/li>\n<li>Reparaci\u00f3n de electrodom\u00e9sticos, equipos de imagen y sonido<\/li>\n<li>Reparaci\u00f3n y sustituci\u00f3n de alarmas, detectores de humo y fuego, etc.<\/li>\n<\/ul>\n<\/div><div class=\"nav fusion-mobile-tab-nav\"><ul class=\"nav-tabs\" role=\"tablist\" aria-orientation=\"vertical\"><li  role=\"presentation\"><a class=\"tab-link\" data-toggle=\"tab\" role=\"tab\" aria-controls=\"tab-06d7778daaa16ee190e\" aria-selected=\"false\" tabindex=\"-1\" id=\"mobile-fusion-tab-06d7778daaa16ee190e\" href=\"#tab-06d7778daaa16ee190e\"><h4 class=\"fusion-tab-heading\">Trabajos de Pintura<\/h4><\/a><\/li><\/ul><\/div><div class=\"tab-pane fade fusion-clearfix\" role=\"tabpanel\" tabindex=\"0\" aria-labelledby=\"fusion-tab-06d7778daaa16ee190e\" id=\"tab-06d7778daaa16ee190e\">\n<p>Aproveche nuestro conocimiento y cree con nosotros un concepto de color adaptado a sus deseos y necesidades. Ya sea moderno o cl\u00e1sico, somos el socio adecuado para cualquier proyecto de pintura. Creamos espacios donde se sentir\u00e1 c\u00f3modo.<\/p>\n<ul>\n<li>Trabajos de pintura y decoraci\u00f3n de todo tipo, interiores y exteriores<\/li>\n<\/ul>\n<\/div><div class=\"nav fusion-mobile-tab-nav\"><ul class=\"nav-tabs\" role=\"tablist\" aria-orientation=\"vertical\"><li  role=\"presentation\"><a class=\"tab-link\" data-toggle=\"tab\" role=\"tab\" aria-controls=\"tab-821ba481c31c74ea4ab\" aria-selected=\"false\" tabindex=\"-1\" id=\"mobile-fusion-tab-821ba481c31c74ea4ab\" href=\"#tab-821ba481c31c74ea4ab\"><h4 class=\"fusion-tab-heading\">Trabajos de Alba\u00f1iler\u00eda<\/h4><\/a><\/li><\/ul><\/div><div class=\"tab-pane fade fusion-clearfix\" role=\"tabpanel\" tabindex=\"0\" aria-labelledby=\"fusion-tab-821ba481c31c74ea4ab\" id=\"tab-821ba481c31c74ea4ab\">\n<p>Como expertos, le ofrecemos una amplia gama de servicios. Nuestro equipo cualificado estar\u00e1 encantado de apoyarle en la realizaci\u00f3n de sus proyectos, desde la planificaci\u00f3n hasta la ejecuci\u00f3n.<\/p>\n<ul>\n<li>Reformas de interiores<\/li>\n<li>Azulejos y pavimentos<\/li>\n<li>Trabajos de enlucido<\/li>\n<li>Renovaciones<\/li>\n<li>Demoliciones<\/li>\n<li>Restauraci\u00f3n de fachadas y tejados<\/li>\n<li>Impermeabilizaci\u00f3n y aislamiento de fachadas y tejados<\/li>\n<li>Hormig\u00f3n estampado, molduras y paneles de pladur<\/li>\n<\/ul>\n<\/div><div class=\"nav fusion-mobile-tab-nav\"><ul class=\"nav-tabs\" role=\"tablist\" aria-orientation=\"vertical\"><li  role=\"presentation\"><a class=\"tab-link\" data-toggle=\"tab\" role=\"tab\" aria-controls=\"tab-dedf32e6eea6b59f6ed\" aria-selected=\"false\" tabindex=\"-1\" id=\"mobile-fusion-tab-dedf32e6eea6b59f6ed\" href=\"#tab-dedf32e6eea6b59f6ed\"><h4 class=\"fusion-tab-heading\"> Trabajos de Fontaner\u00eda<\/h4><\/a><\/li><\/ul><\/div><div class=\"tab-pane fade fusion-clearfix\" role=\"tabpanel\" tabindex=\"0\" aria-labelledby=\"fusion-tab-dedf32e6eea6b59f6ed\" id=\"tab-dedf32e6eea6b59f6ed\">\n<p>Como expertos, le ofrecemos una amplia gama de servicios. Nuestro equipo cualificado estar\u00e1 encantado de apoyarle en la realizaci\u00f3n de sus proyectos, desde la planificaci\u00f3n hasta la ejecuci\u00f3n.<\/p>\n<ul>\n<li>Servicios sanitarios: cabinas de ducha, ba\u00f1eras, mamparas, objetos sanitarios, jacuzzis, grifer\u00eda y accesorios, fregaderos de cocina.<\/li>\n<li>Sistemas de suministro y riego de agua<\/li>\n<li>Instalaci\u00f3n de equipos de aire acondicionado<\/li>\n<li>Sistemas de calefacci\u00f3n: gas o gas\u00f3leo<\/li>\n<li>Termos el\u00e9ctricos, de gas o conectados al sistema de calefacci\u00f3n<\/li>\n<li>Sistemas solares<\/li>\n<li>Sistemas de almacenamiento<\/li>\n<li>Instalaciones de piscinas<\/li>\n<li>Bombas de presi\u00f3n y calor<\/li>\n<li>Sistemas de tratamiento de agua<\/li>\n<\/ul>\n<\/div><\/div><\/div><\/div><\/div><\/div><\/div><\/p>\n","protected":false},"excerpt":{"rendered":"","protected":false},"author":1,"featured_media":0,"parent":2363,"menu_order":0,"comment_status":"closed","ping_status":"closed","template":"100-width.php","meta":{"footnotes":""},"class_list":["post-2459","page","type-page","status-publish","hentry"],"_links":{"self":[{"href":"https:\/\/scap-servicios.com\/es\/wp-json\/wp\/v2\/pages\/2459","targetHints":{"allow":["GET"]}}],"collection":[{"href":"https:\/\/scap-servicios.com\/es\/wp-json\/wp\/v2\/pages"}],"about":[{"href":"https:\/\/scap-servicios.com\/es\/wp-json\/wp\/v2\/types\/page"}],"author":[{"embeddable":true,"href":"https:\/\/scap-servicios.com\/es\/wp-json\/wp\/v2\/users\/1"}],"replies":[{"embeddable":true,"href":"https:\/\/scap-servicios.com\/es\/wp-json\/wp\/v2\/comments?post=2459"}],"version-history":[{"count":5,"href":"https:\/\/scap-servicios.com\/es\/wp-json\/wp\/v2\/pages\/2459\/revisions"}],"predecessor-version":[{"id":2469,"href":"https:\/\/scap-servicios.com\/es\/wp-json\/wp\/v2\/pages\/2459\/revisions\/2469"}],"up":[{"embeddable":true,"href":"https:\/\/scap-servicios.com\/es\/wp-json\/wp\/v2\/pages\/2363"}],"wp:attachment":[{"href":"https:\/\/scap-servicios.com\/es\/wp-json\/wp\/v2\/media?parent=2459"}],"curies":[{"name":"wp","href":"https:\/\/api.w.org\/{rel}","templated":true}]}}