{"id":2455,"date":"2024-01-16T17:15:33","date_gmt":"2024-01-16T17:15:33","guid":{"rendered":"https:\/\/scap-servicios.com\/scap-servicios\/asistencia-administrativa\/"},"modified":"2024-11-27T12:28:19","modified_gmt":"2024-11-27T12:28:19","slug":"asistencia-administrativa","status":"publish","type":"page","link":"https:\/\/scap-servicios.com\/es\/scap-servicios\/asistencia-administrativa\/","title":{"rendered":"Asistencia Administrativa"},"content":{"rendered":"<p><div class=\"fusion-fullwidth fullwidth-box fusion-builder-row-1 fusion-flex-container has-pattern-background has-mask-background fusion-parallax-none nonhundred-percent-fullwidth non-hundred-percent-height-scrolling lazyload\" style=\"--awb-border-radius-top-left:0px;--awb-border-radius-top-right:0px;--awb-border-radius-bottom-right:0px;--awb-border-radius-bottom-left:0px;--awb-padding-top:240px;--awb-padding-bottom:240px;--awb-background-size:cover;--awb-flex-wrap:wrap;\" data-bg=\"http:\/\/scap-servicios.com\/wp-content\/uploads\/2024\/01\/Design-ohne-Titel-48.png\" ><div class=\"fusion-builder-row fusion-row fusion-flex-align-items-flex-start fusion-flex-align-content-center fusion-flex-content-wrap\" style=\"max-width:1216.8px;margin-left: calc(-4% \/ 2 );margin-right: calc(-4% \/ 2 );\"><div class=\"fusion-layout-column fusion_builder_column fusion-builder-column-0 fusion_builder_column_1_1 1_1 fusion-flex-column fusion-animated\" style=\"--awb-bg-size:cover;--awb-width-large:100%;--awb-margin-top-large:0px;--awb-spacing-right-large:1.92%;--awb-margin-bottom-large:0px;--awb-spacing-left-large:1.92%;--awb-width-medium:100%;--awb-order-medium:0;--awb-spacing-right-medium:1.92%;--awb-spacing-left-medium:1.92%;--awb-width-small:100%;--awb-order-small:0;--awb-spacing-right-small:1.92%;--awb-spacing-left-small:1.92%;\" data-animationType=\"fadeInUp\" data-animationDuration=\"1.0\" data-animationOffset=\"top-into-view\"><div class=\"fusion-column-wrapper fusion-column-has-shadow fusion-flex-justify-content-flex-start fusion-content-layout-column\"><div class=\"fusion-title title fusion-title-1 fusion-sep-none fusion-title-center fusion-title-text fusion-title-size-one\" style=\"--awb-text-color:var(--awb-color1);--awb-margin-bottom:0px;--awb-margin-top-small:0px;--awb-margin-right-small:0px;--awb-margin-bottom-small:20px;--awb-margin-left-small:0px;--awb-font-size:var(--awb-typography1-font-size);\"><h1 class=\"fusion-title-heading title-heading-center fusion-responsive-typography-calculated\" style=\"font-family:&quot;Raleway&quot;;font-style:normal;font-weight:800;margin:0;letter-spacing:var(--awb-typography1-letter-spacing);text-transform:var(--awb-typography1-text-transform);font-size:1em;--fontSize:60;line-height:var(--awb-typography1-line-height);\">Asistencia Administrativa<\/h1><\/div><\/div><\/div><\/div><\/div><div class=\"fusion-fullwidth fullwidth-box fusion-builder-row-2 fusion-flex-container nonhundred-percent-fullwidth non-hundred-percent-height-scrolling\" style=\"--awb-background-position:left top;--awb-border-sizes-top:0px;--awb-border-sizes-bottom:0px;--awb-border-sizes-left:0px;--awb-border-sizes-right:0px;--awb-border-radius-top-left:0px;--awb-border-radius-top-right:0px;--awb-border-radius-bottom-right:0px;--awb-border-radius-bottom-left:0px;--awb-padding-top:50px;--awb-padding-bottom:50px;--awb-background-color:var(--awb-color5);--awb-flex-wrap:wrap;\" ><div class=\"fusion-builder-row fusion-row fusion-flex-align-items-flex-start fusion-flex-content-wrap\" style=\"max-width:calc( 1170px + 0px );margin-left: calc(-0px \/ 2 );margin-right: calc(-0px \/ 2 );\"><div class=\"fusion-layout-column fusion_builder_column fusion-builder-column-1 fusion_builder_column_1_1 1_1 fusion-flex-column\" style=\"--awb-bg-blend:overlay;--awb-bg-size:cover;--awb-width-large:100%;--awb-margin-top-large:0px;--awb-spacing-right-large:0px;--awb-margin-bottom-large:0px;--awb-spacing-left-large:0px;--awb-width-medium:100%;--awb-spacing-right-medium:0px;--awb-spacing-left-medium:0px;--awb-width-small:100%;--awb-spacing-right-small:0px;--awb-spacing-left-small:0px;\"><div class=\"fusion-column-wrapper fusion-flex-justify-content-flex-start fusion-content-layout-column\"><div class=\"fusion-title title fusion-title-2 fusion-sep-none fusion-title-center fusion-title-text fusion-title-size-four\" style=\"--awb-margin-top-small:0px;--awb-margin-right-small:0px;--awb-margin-bottom-small:10px;--awb-margin-left-small:0px;\"><h4 class=\"fusion-title-heading title-heading-center fusion-responsive-typography-calculated\" style=\"margin:0;text-transform:none;--fontSize:18;--minFontSize:18;line-height:1.52;\">\u00bfNecesita un notario, abogado, asesor fiscal o traductor? Tambi\u00e9n en este \u00e1mbito podemos ayudarle.<\/h4><\/div><\/div><\/div><\/div><\/div><div class=\"fusion-fullwidth fullwidth-box fusion-builder-row-3 fusion-flex-container nonhundred-percent-fullwidth non-hundred-percent-height-scrolling\" style=\"--awb-background-position:left top;--awb-border-sizes-top:0px;--awb-border-sizes-bottom:0px;--awb-border-sizes-left:0px;--awb-border-sizes-right:0px;--awb-border-radius-top-left:0px;--awb-border-radius-top-right:0px;--awb-border-radius-bottom-right:0px;--awb-border-radius-bottom-left:0px;--awb-padding-top:0px;--awb-padding-bottom:20px;--awb-background-color:var(--awb-color1);--awb-flex-wrap:wrap;\" ><div class=\"fusion-builder-row fusion-row fusion-flex-align-items-flex-start fusion-flex-content-wrap\" style=\"max-width:calc( 1170px + 0px );margin-left: calc(-0px \/ 2 );margin-right: calc(-0px \/ 2 );\"><div class=\"fusion-layout-column fusion_builder_column fusion-builder-column-2 fusion_builder_column_1_1 1_1 fusion-flex-column\" style=\"--awb-bg-blend:overlay;--awb-bg-size:cover;--awb-width-large:100%;--awb-margin-top-large:-22px;--awb-spacing-right-large:0px;--awb-margin-bottom-large:0px;--awb-spacing-left-large:0px;--awb-width-medium:100%;--awb-spacing-right-medium:0px;--awb-spacing-left-medium:0px;--awb-width-small:100%;--awb-spacing-right-small:0px;--awb-spacing-left-small:0px;\"><div class=\"fusion-column-wrapper fusion-flex-justify-content-flex-start fusion-content-layout-column\"><div style=\"text-align:center;\"><a class=\"fusion-button button-flat fusion-button-default-size button-custom fusion-button-default button-1 fusion-button-default-span fusion-button-default-type dark-button\" style=\"--button_accent_color:var(--awb-color1);--button_border_color:var(--awb-color1);--button_accent_hover_color:var(--awb-color8);--button_border_hover_color:var(--awb-color8);--button_border_width-top:2px;--button_border_width-right:2px;--button_border_width-bottom:2px;--button_border_width-left:2px;--button_gradient_top_color:var(--awb-color8);--button_gradient_bottom_color:var(--awb-color8);--button_gradient_top_color_hover:var(--awb-color1);--button_gradient_bottom_color_hover:var(--awb-color1);\" target=\"_blank\" rel=\"noopener noreferrer\" href=\"https:\/\/scap-servicios.com\/es\/contacte\/\"><span class=\"fusion-button-text awb-button__text awb-button__text--default\">Solicitar servicios<\/span><\/a><\/div><\/div><\/div><\/div><\/div><div class=\"fusion-fullwidth fullwidth-box fusion-builder-row-4 fusion-flex-container nonhundred-percent-fullwidth non-hundred-percent-height-scrolling\" style=\"--awb-background-position:left top;--awb-border-sizes-top:0px;--awb-border-sizes-bottom:0px;--awb-border-sizes-left:0px;--awb-border-sizes-right:0px;--awb-border-radius-top-left:0px;--awb-border-radius-top-right:0px;--awb-border-radius-bottom-right:0px;--awb-border-radius-bottom-left:0px;--awb-padding-top:3%;--awb-padding-bottom:2%;--awb-background-color:var(--awb-color1);--awb-flex-wrap:wrap;\" ><div class=\"fusion-builder-row fusion-row fusion-flex-align-items-flex-start fusion-flex-content-wrap\" style=\"max-width:1216.8px;margin-left: calc(-4% \/ 2 );margin-right: calc(-4% \/ 2 );\"><div class=\"fusion-layout-column fusion_builder_column fusion-builder-column-3 fusion_builder_column_1_1 1_1 fusion-flex-column\" style=\"--awb-bg-blend:overlay;--awb-bg-size:cover;--awb-width-large:100%;--awb-margin-top-large:50px;--awb-spacing-right-large:1.92%;--awb-margin-bottom-large:25px;--awb-spacing-left-large:1.92%;--awb-width-medium:100%;--awb-margin-top-medium:30px;--awb-spacing-right-medium:1.92%;--awb-spacing-left-medium:1.92%;--awb-width-small:100%;--awb-margin-top-small:10px;--awb-spacing-right-small:1.92%;--awb-spacing-left-small:1.92%;\"><div class=\"fusion-column-wrapper fusion-flex-justify-content-flex-start fusion-content-layout-column\"><div class=\"fusion-tabs fusion-tabs-1 clean vertical-tabs icon-position-left mobile-mode-accordion\" style=\"--awb-title-border-radius-top-left:0px;--awb-title-border-radius-top-right:0px;--awb-title-border-radius-bottom-right:0px;--awb-title-border-radius-bottom-left:0px;--awb-alignment:start;--awb-inactive-color:var(--awb-color2);--awb-background-color:var(--awb-color5);--awb-border-color:rgba(245,245,245,0);--awb-active-border-color:var(--awb-color5);\"><div class=\"nav\"><ul class=\"nav-tabs\" role=\"tablist\" aria-orientation=\"vertical\"><li class=\"active\" role=\"presentation\"><a class=\"tab-link\" data-toggle=\"tab\" role=\"tab\" aria-controls=\"tab-6f009485d842afe8b14\" aria-selected=\"true\" tabindex=\"0\" id=\"fusion-tab-6f009485d842afe8b14\" href=\"#tab-6f009485d842afe8b14\"><h4 class=\"fusion-tab-heading\">Asesor\u00eda Fiscal y Servicios<\/h4><\/a><\/li><li  role=\"presentation\"><a class=\"tab-link\" data-toggle=\"tab\" role=\"tab\" aria-controls=\"tab-fa56db033386e4c6ec5\" aria-selected=\"false\" tabindex=\"-1\" id=\"fusion-tab-fa56db033386e4c6ec5\" href=\"#tab-fa56db033386e4c6ec5\"><h4 class=\"fusion-tab-heading\">Asuntos municipales<\/h4><\/a><\/li><li  role=\"presentation\"><a class=\"tab-link\" data-toggle=\"tab\" role=\"tab\" aria-controls=\"tab-673bb2b780a67b570d0\" aria-selected=\"false\" tabindex=\"-1\" id=\"fusion-tab-673bb2b780a67b570d0\" href=\"#tab-673bb2b780a67b570d0\"><h4 class=\"fusion-tab-heading\">Tr\u00e1mites generales<\/h4><\/a><\/li><li  role=\"presentation\"><a class=\"tab-link\" data-toggle=\"tab\" role=\"tab\" aria-controls=\"tab-ebef2bfe65677f8daf3\" aria-selected=\"false\" tabindex=\"-1\" id=\"fusion-tab-ebef2bfe65677f8daf3\" href=\"#tab-ebef2bfe65677f8daf3\"><h4 class=\"fusion-tab-heading\">Notar\u00eda y Asistencia Legal<\/h4><\/a><\/li><li  role=\"presentation\"><a class=\"tab-link\" data-toggle=\"tab\" role=\"tab\" aria-controls=\"tab-ae38d0893559ce131c1\" aria-selected=\"false\" tabindex=\"-1\" id=\"fusion-tab-ae38d0893559ce131c1\" href=\"#tab-ae38d0893559ce131c1\"><h4 class=\"fusion-tab-heading\"> Servicio de Traducci\u00f3n<\/h4><\/a><\/li><\/ul><\/div><div class=\"tab-content\"><div class=\"nav fusion-mobile-tab-nav\"><ul class=\"nav-tabs\" role=\"tablist\" aria-orientation=\"vertical\"><li class=\"active\" role=\"presentation\"><a class=\"tab-link\" data-toggle=\"tab\" role=\"tab\" aria-controls=\"tab-6f009485d842afe8b14\" aria-selected=\"true\" tabindex=\"0\" id=\"mobile-fusion-tab-6f009485d842afe8b14\" href=\"#tab-6f009485d842afe8b14\"><h4 class=\"fusion-tab-heading\">Asesor\u00eda Fiscal y Servicios<\/h4><\/a><\/li><\/ul><\/div><div class=\"tab-pane fade fusion-clearfix in active\" role=\"tabpanel\" tabindex=\"0\" aria-labelledby=\"fusion-tab-6f009485d842afe8b14\" id=\"tab-6f009485d842afe8b14\">\n<p>\u2022 Declaraci\u00f3n de impuestos sobre el patrimonio (Modelo 210) para no residentes<br \/>\n\u2022 Declaraci\u00f3n de impuestos por alquileres<br \/>\n\u2022 Impuestos municipales (IBI, recogida de basuras, impuesto de circulaci\u00f3n)<br \/>\n\u2022 Domiciliaci\u00f3n bancaria de impuestos<\/p>\n<\/div><div class=\"nav fusion-mobile-tab-nav\"><ul class=\"nav-tabs\" role=\"tablist\" aria-orientation=\"vertical\"><li  role=\"presentation\"><a class=\"tab-link\" data-toggle=\"tab\" role=\"tab\" aria-controls=\"tab-fa56db033386e4c6ec5\" aria-selected=\"false\" tabindex=\"-1\" id=\"mobile-fusion-tab-fa56db033386e4c6ec5\" href=\"#tab-fa56db033386e4c6ec5\"><h4 class=\"fusion-tab-heading\">Asuntos municipales<\/h4><\/a><\/li><\/ul><\/div><div class=\"tab-pane fade fusion-clearfix\" role=\"tabpanel\" tabindex=\"0\" aria-labelledby=\"fusion-tab-fa56db033386e4c6ec5\" id=\"tab-fa56db033386e4c6ec5\">\n<p>\u2022 Rathausangelegenheiten<br \/>\n\u2022 Meldebescheinigung<br \/>\n\u2022 Beantragung der NIE (spanische Steuernummer)<br \/>\n\u2022 Katasterangelegenheiten<br \/>\n\u2022 Besorgung des Energieausweises, den Sie f\u00fcr Vermietung oder Verkauf ben\u00f6tigen<\/p>\n<\/div><div class=\"nav fusion-mobile-tab-nav\"><ul class=\"nav-tabs\" role=\"tablist\" aria-orientation=\"vertical\"><li  role=\"presentation\"><a class=\"tab-link\" data-toggle=\"tab\" role=\"tab\" aria-controls=\"tab-673bb2b780a67b570d0\" aria-selected=\"false\" tabindex=\"-1\" id=\"mobile-fusion-tab-673bb2b780a67b570d0\" href=\"#tab-673bb2b780a67b570d0\"><h4 class=\"fusion-tab-heading\">Tr\u00e1mites generales<\/h4><\/a><\/li><\/ul><\/div><div class=\"tab-pane fade fusion-clearfix\" role=\"tabpanel\" tabindex=\"0\" aria-labelledby=\"fusion-tab-673bb2b780a67b570d0\" id=\"tab-673bb2b780a67b570d0\">\n<p>\u2022 Proveedor el\u00e9ctrico: Cambio de proveedor, acceso online, obtenci\u00f3n de facturas extraviadas, modificaci\u00f3n de contratos<br \/>\n\u2022 Proveedores de gas o gas\u00f3leo<br \/>\n\u2022 Proveedores de telefon\u00eda: Nueva l\u00ednea telef\u00f3nica, Internet, baja de una l\u00ednea existente, acceso online (\u00bfhace tiempo que no recibe ninguna factura?)<\/p>\n<\/div><div class=\"nav fusion-mobile-tab-nav\"><ul class=\"nav-tabs\" role=\"tablist\" aria-orientation=\"vertical\"><li  role=\"presentation\"><a class=\"tab-link\" data-toggle=\"tab\" role=\"tab\" aria-controls=\"tab-ebef2bfe65677f8daf3\" aria-selected=\"false\" tabindex=\"-1\" id=\"mobile-fusion-tab-ebef2bfe65677f8daf3\" href=\"#tab-ebef2bfe65677f8daf3\"><h4 class=\"fusion-tab-heading\">Notar\u00eda y Asistencia Legal<\/h4><\/a><\/li><\/ul><\/div><div class=\"tab-pane fade fusion-clearfix\" role=\"tabpanel\" tabindex=\"0\" aria-labelledby=\"fusion-tab-ebef2bfe65677f8daf3\" id=\"tab-ebef2bfe65677f8daf3\">\n<p>Le acompa\u00f1amos al notario y le ponemos en contacto con un abogado en su idioma. Recomendamos a todos nuestros clientes que tienen propiedades y\/o cuentas bancarias en Espa\u00f1a disponer de un testamento para evitar conflictos de herencia en caso de fallecimiento.<\/p>\n<p>\u2022 Poderes notariales<br \/>\n\u2022Asuntos de compra y venta<br \/>\n\u2022Testamentos<br \/>\n\u2022Herencias<br \/>\n\u2022Derecho penal<br \/>\n\u2022Derecho civil<br \/>\n\u2022Derecho laboral<\/p>\n<\/div><div class=\"nav fusion-mobile-tab-nav\"><ul class=\"nav-tabs\" role=\"tablist\" aria-orientation=\"vertical\"><li  role=\"presentation\"><a class=\"tab-link\" data-toggle=\"tab\" role=\"tab\" aria-controls=\"tab-ae38d0893559ce131c1\" aria-selected=\"false\" tabindex=\"-1\" id=\"mobile-fusion-tab-ae38d0893559ce131c1\" href=\"#tab-ae38d0893559ce131c1\"><h4 class=\"fusion-tab-heading\"> Servicio de Traducci\u00f3n<\/h4><\/a><\/li><\/ul><\/div><div class=\"tab-pane fade fusion-clearfix\" role=\"tabpanel\" tabindex=\"0\" aria-labelledby=\"fusion-tab-ae38d0893559ce131c1\" id=\"tab-ae38d0893559ce131c1\">\n<p>Wir veranlassen \u00dcbersetzungen amtlicher, gesch\u00e4ftlicher, technischer oder rechtlicher Texte \u00fcber staatlich gepr\u00fcfte \u00dcbersetzer.<br \/>\nSelbstverst\u00e4ndlich helfen wir Ihnen auch bei normalen \u00dcbersetzungen und erteilen Ihnen auf Wunsch Ausk\u00fcnfte aller Art.<br \/>\nUnsere Mitarbeiter sprechen folgende Sprachen:<\/p>\n<p>\u2022 Deutsch<br \/>\n\u2022 Englisch<br \/>\n\u2022 Franz\u00f6sisch<br \/>\n\u2022 Italienisch<br \/>\n\u2022 Spanisch<br \/>\n\u2022 Catala<\/p>\n<\/div><\/div><\/div><\/div><\/div><\/div><\/div><\/p>\n","protected":false},"excerpt":{"rendered":"","protected":false},"author":1,"featured_media":0,"parent":2363,"menu_order":0,"comment_status":"closed","ping_status":"closed","template":"100-width.php","meta":{"footnotes":""},"class_list":["post-2455","page","type-page","status-publish","hentry"],"_links":{"self":[{"href":"https:\/\/scap-servicios.com\/es\/wp-json\/wp\/v2\/pages\/2455","targetHints":{"allow":["GET"]}}],"collection":[{"href":"https:\/\/scap-servicios.com\/es\/wp-json\/wp\/v2\/pages"}],"about":[{"href":"https:\/\/scap-servicios.com\/es\/wp-json\/wp\/v2\/types\/page"}],"author":[{"embeddable":true,"href":"https:\/\/scap-servicios.com\/es\/wp-json\/wp\/v2\/users\/1"}],"replies":[{"embeddable":true,"href":"https:\/\/scap-servicios.com\/es\/wp-json\/wp\/v2\/comments?post=2455"}],"version-history":[{"count":2,"href":"https:\/\/scap-servicios.com\/es\/wp-json\/wp\/v2\/pages\/2455\/revisions"}],"predecessor-version":[{"id":2457,"href":"https:\/\/scap-servicios.com\/es\/wp-json\/wp\/v2\/pages\/2455\/revisions\/2457"}],"up":[{"embeddable":true,"href":"https:\/\/scap-servicios.com\/es\/wp-json\/wp\/v2\/pages\/2363"}],"wp:attachment":[{"href":"https:\/\/scap-servicios.com\/es\/wp-json\/wp\/v2\/media?parent=2455"}],"curies":[{"name":"wp","href":"https:\/\/api.w.org\/{rel}","templated":true}]}}