{"id":2444,"date":"2024-01-16T17:17:26","date_gmt":"2024-01-16T17:17:26","guid":{"rendered":"https:\/\/scap-servicios.com\/scap-servicios\/alrededor-de-su-propiedad\/"},"modified":"2024-11-27T12:16:50","modified_gmt":"2024-11-27T12:16:50","slug":"alrededor-de-su-propiedad","status":"publish","type":"page","link":"https:\/\/scap-servicios.com\/es\/scap-servicios\/alrededor-de-su-propiedad\/","title":{"rendered":"Alrededor de su Propiedad"},"content":{"rendered":"<p><div class=\"fusion-fullwidth fullwidth-box fusion-builder-row-1 fusion-flex-container has-pattern-background has-mask-background fusion-parallax-none nonhundred-percent-fullwidth non-hundred-percent-height-scrolling lazyload\" style=\"--awb-border-radius-top-left:0px;--awb-border-radius-top-right:0px;--awb-border-radius-bottom-right:0px;--awb-border-radius-bottom-left:0px;--awb-padding-top:240px;--awb-padding-bottom:240px;--awb-background-size:cover;--awb-flex-wrap:wrap;\" data-bg=\"http:\/\/scap-servicios.com\/wp-content\/uploads\/2015\/12\/Design-ohne-Titel-45.png\" ><div class=\"fusion-builder-row fusion-row fusion-flex-align-items-flex-start fusion-flex-align-content-center fusion-flex-content-wrap\" style=\"max-width:1216.8px;margin-left: calc(-4% \/ 2 );margin-right: calc(-4% \/ 2 );\"><div class=\"fusion-layout-column fusion_builder_column fusion-builder-column-0 fusion_builder_column_1_1 1_1 fusion-flex-column fusion-animated\" style=\"--awb-bg-size:cover;--awb-width-large:100%;--awb-margin-top-large:0px;--awb-spacing-right-large:1.92%;--awb-margin-bottom-large:0px;--awb-spacing-left-large:1.92%;--awb-width-medium:100%;--awb-order-medium:0;--awb-spacing-right-medium:1.92%;--awb-spacing-left-medium:1.92%;--awb-width-small:100%;--awb-order-small:0;--awb-spacing-right-small:1.92%;--awb-spacing-left-small:1.92%;\" data-animationType=\"fadeInUp\" data-animationDuration=\"1.0\" data-animationOffset=\"top-into-view\"><div class=\"fusion-column-wrapper fusion-column-has-shadow fusion-flex-justify-content-flex-start fusion-content-layout-column\"><div class=\"fusion-title title fusion-title-1 fusion-sep-none fusion-title-center fusion-title-text fusion-title-size-one\" style=\"--awb-text-color:var(--awb-color1);--awb-margin-bottom:0px;--awb-margin-top-small:0px;--awb-margin-right-small:0px;--awb-margin-bottom-small:20px;--awb-margin-left-small:0px;--awb-font-size:var(--awb-typography1-font-size);\"><h1 class=\"fusion-title-heading title-heading-center fusion-responsive-typography-calculated\" style=\"font-family:&quot;Raleway&quot;;font-style:normal;font-weight:800;margin:0;letter-spacing:var(--awb-typography1-letter-spacing);text-transform:uppercase;font-size:1em;--fontSize:60;line-height:var(--awb-typography1-line-height);\">Alrededor de su Propiedad<\/h1><\/div><\/div><\/div><\/div><\/div><div class=\"fusion-fullwidth fullwidth-box fusion-builder-row-2 fusion-flex-container nonhundred-percent-fullwidth non-hundred-percent-height-scrolling\" style=\"--awb-background-position:left top;--awb-border-sizes-top:0px;--awb-border-sizes-bottom:0px;--awb-border-sizes-left:0px;--awb-border-sizes-right:0px;--awb-border-radius-top-left:0px;--awb-border-radius-top-right:0px;--awb-border-radius-bottom-right:0px;--awb-border-radius-bottom-left:0px;--awb-padding-top:50px;--awb-padding-bottom:50px;--awb-background-color:var(--awb-color5);--awb-flex-wrap:wrap;\" ><div class=\"fusion-builder-row fusion-row fusion-flex-align-items-flex-start fusion-flex-content-wrap\" style=\"max-width:calc( 1170px + 0px );margin-left: calc(-0px \/ 2 );margin-right: calc(-0px \/ 2 );\"><div class=\"fusion-layout-column fusion_builder_column fusion-builder-column-1 fusion_builder_column_1_1 1_1 fusion-flex-column\" style=\"--awb-bg-blend:overlay;--awb-bg-size:cover;--awb-width-large:100%;--awb-margin-top-large:0px;--awb-spacing-right-large:0px;--awb-margin-bottom-large:0px;--awb-spacing-left-large:0px;--awb-width-medium:100%;--awb-spacing-right-medium:0px;--awb-spacing-left-medium:0px;--awb-width-small:100%;--awb-spacing-right-small:0px;--awb-spacing-left-small:0px;\"><div class=\"fusion-column-wrapper fusion-flex-justify-content-flex-start fusion-content-layout-column\"><div class=\"fusion-title title fusion-title-2 fusion-sep-none fusion-title-center fusion-title-text fusion-title-size-four\" style=\"--awb-margin-top-small:0px;--awb-margin-right-small:0px;--awb-margin-bottom-small:10px;--awb-margin-left-small:0px;\"><h4 class=\"fusion-title-heading title-heading-center fusion-responsive-typography-calculated\" style=\"margin:0;text-transform:none;--fontSize:18;--minFontSize:18;line-height:1.52;\">En funci\u00f3n de sus necesidades, puede utilizar todo nuestro paquete de servicios o s\u00f3lo partes de \u00e9l. Ofrecemos servicios de conserjer\u00eda, trabajos de limpieza, dise\u00f1o y mantenimiento de jardines.<\/h4><\/div><\/div><\/div><\/div><\/div><div class=\"fusion-fullwidth fullwidth-box fusion-builder-row-3 fusion-flex-container nonhundred-percent-fullwidth non-hundred-percent-height-scrolling\" style=\"--awb-background-position:left top;--awb-border-sizes-top:0px;--awb-border-sizes-bottom:0px;--awb-border-sizes-left:0px;--awb-border-sizes-right:0px;--awb-border-radius-top-left:0px;--awb-border-radius-top-right:0px;--awb-border-radius-bottom-right:0px;--awb-border-radius-bottom-left:0px;--awb-padding-top:0px;--awb-padding-bottom:20px;--awb-background-color:var(--awb-color1);--awb-flex-wrap:wrap;\" ><div class=\"fusion-builder-row fusion-row fusion-flex-align-items-flex-start fusion-flex-content-wrap\" style=\"max-width:calc( 1170px + 0px );margin-left: calc(-0px \/ 2 );margin-right: calc(-0px \/ 2 );\"><div class=\"fusion-layout-column fusion_builder_column fusion-builder-column-2 fusion_builder_column_1_1 1_1 fusion-flex-column\" style=\"--awb-bg-blend:overlay;--awb-bg-size:cover;--awb-width-large:100%;--awb-margin-top-large:-22px;--awb-spacing-right-large:0px;--awb-margin-bottom-large:0px;--awb-spacing-left-large:0px;--awb-width-medium:100%;--awb-spacing-right-medium:0px;--awb-spacing-left-medium:0px;--awb-width-small:100%;--awb-spacing-right-small:0px;--awb-spacing-left-small:0px;\"><div class=\"fusion-column-wrapper fusion-flex-justify-content-flex-start fusion-content-layout-column\"><div style=\"text-align:center;\"><a class=\"fusion-button button-flat fusion-button-default-size button-custom fusion-button-default button-1 fusion-button-default-span fusion-button-default-type dark-button\" style=\"--button_accent_color:var(--awb-color1);--button_border_color:var(--awb-color1);--button_accent_hover_color:var(--awb-color8);--button_border_hover_color:var(--awb-color8);--button_border_width-top:2px;--button_border_width-right:2px;--button_border_width-bottom:2px;--button_border_width-left:2px;--button_gradient_top_color:var(--awb-color8);--button_gradient_bottom_color:var(--awb-color8);--button_gradient_top_color_hover:var(--awb-color1);--button_gradient_bottom_color_hover:var(--awb-color1);\" target=\"_blank\" rel=\"noopener noreferrer\" href=\"https:\/\/scap-servicios.com\/es\/contacte\/\"><span class=\"fusion-button-text awb-button__text awb-button__text--default\">Solicitar servicios<\/span><\/a><\/div><\/div><\/div><\/div><\/div><div class=\"fusion-fullwidth fullwidth-box fusion-builder-row-4 fusion-flex-container nonhundred-percent-fullwidth non-hundred-percent-height-scrolling\" style=\"--awb-background-position:left top;--awb-border-sizes-top:0px;--awb-border-sizes-bottom:0px;--awb-border-sizes-left:0px;--awb-border-sizes-right:0px;--awb-border-radius-top-left:0px;--awb-border-radius-top-right:0px;--awb-border-radius-bottom-right:0px;--awb-border-radius-bottom-left:0px;--awb-padding-top:3%;--awb-padding-bottom:2%;--awb-background-color:var(--awb-color1);--awb-flex-wrap:wrap;\" ><div class=\"fusion-builder-row fusion-row fusion-flex-align-items-flex-start fusion-flex-content-wrap\" style=\"max-width:1216.8px;margin-left: calc(-4% \/ 2 );margin-right: calc(-4% \/ 2 );\"><div class=\"fusion-layout-column fusion_builder_column fusion-builder-column-3 fusion_builder_column_1_1 1_1 fusion-flex-column\" style=\"--awb-bg-blend:overlay;--awb-bg-size:cover;--awb-width-large:100%;--awb-margin-top-large:50px;--awb-spacing-right-large:1.92%;--awb-margin-bottom-large:25px;--awb-spacing-left-large:1.92%;--awb-width-medium:100%;--awb-margin-top-medium:30px;--awb-spacing-right-medium:1.92%;--awb-spacing-left-medium:1.92%;--awb-width-small:100%;--awb-margin-top-small:10px;--awb-spacing-right-small:1.92%;--awb-spacing-left-small:1.92%;\"><div class=\"fusion-column-wrapper fusion-flex-justify-content-flex-start fusion-content-layout-column\"><div class=\"fusion-tabs fusion-tabs-1 clean vertical-tabs icon-position-left mobile-mode-accordion\" style=\"--awb-title-border-radius-top-left:0px;--awb-title-border-radius-top-right:0px;--awb-title-border-radius-bottom-right:0px;--awb-title-border-radius-bottom-left:0px;--awb-alignment:start;--awb-inactive-color:var(--awb-color2);--awb-background-color:var(--awb-color5);--awb-border-color:rgba(245,245,245,0);--awb-active-border-color:var(--awb-color5);\"><div class=\"nav\"><ul class=\"nav-tabs\" role=\"tablist\" aria-orientation=\"vertical\"><li class=\"active\" role=\"presentation\"><a class=\"tab-link\" data-toggle=\"tab\" role=\"tab\" aria-controls=\"tab-402de568495fb650051\" aria-selected=\"true\" tabindex=\"0\" id=\"fusion-tab-402de568495fb650051\" href=\"#tab-402de568495fb650051\"><h4 class=\"fusion-tab-heading\">Casa y Hogar<\/h4><\/a><\/li><li  role=\"presentation\"><a class=\"tab-link\" data-toggle=\"tab\" role=\"tab\" aria-controls=\"tab-8955ab9b764033bda4f\" aria-selected=\"false\" tabindex=\"-1\" id=\"fusion-tab-8955ab9b764033bda4f\" href=\"#tab-8955ab9b764033bda4f\"><h4 class=\"fusion-tab-heading\">Mantenimiento de jardines<\/h4><\/a><\/li><li  role=\"presentation\"><a class=\"tab-link\" data-toggle=\"tab\" role=\"tab\" aria-controls=\"tab-c476e81bd45d156d9a9\" aria-selected=\"false\" tabindex=\"-1\" id=\"fusion-tab-c476e81bd45d156d9a9\" href=\"#tab-c476e81bd45d156d9a9\"><h4 class=\"fusion-tab-heading\">Piscinas y Albercas<\/h4><\/a><\/li><li  role=\"presentation\"><a class=\"tab-link\" data-toggle=\"tab\" role=\"tab\" aria-controls=\"tab-20fe8da9997380f11f8\" aria-selected=\"false\" tabindex=\"-1\" id=\"fusion-tab-20fe8da9997380f11f8\" href=\"#tab-20fe8da9997380f11f8\"><h4 class=\"fusion-tab-heading\">Servicio de Mantenimiento<\/h4><\/a><\/li><li  role=\"presentation\"><a class=\"tab-link\" data-toggle=\"tab\" role=\"tab\" aria-controls=\"tab-3d05d2c7a5ef7581eff\" aria-selected=\"false\" tabindex=\"-1\" id=\"fusion-tab-3d05d2c7a5ef7581eff\" href=\"#tab-3d05d2c7a5ef7581eff\"><h4 class=\"fusion-tab-heading\"> Cuidado de \u00c1reas Comunes<\/h4><\/a><\/li><\/ul><\/div><div class=\"tab-content\"><div class=\"nav fusion-mobile-tab-nav\"><ul class=\"nav-tabs\" role=\"tablist\" aria-orientation=\"vertical\"><li class=\"active\" role=\"presentation\"><a class=\"tab-link\" data-toggle=\"tab\" role=\"tab\" aria-controls=\"tab-402de568495fb650051\" aria-selected=\"true\" tabindex=\"0\" id=\"mobile-fusion-tab-402de568495fb650051\" href=\"#tab-402de568495fb650051\"><h4 class=\"fusion-tab-heading\">Casa y Hogar<\/h4><\/a><\/li><\/ul><\/div><div class=\"tab-pane fade fusion-clearfix in active\" role=\"tabpanel\" tabindex=\"0\" aria-labelledby=\"fusion-tab-402de568495fb650051\" id=\"tab-402de568495fb650051\">\n<p>Nos ocupamos de su hogar y aseguramos que su propiedad siempre se mantenga en \u00f3ptimas condiciones.<\/p>\n<div class=\"column mcb-column mcb-item-b04acd6e1 one tablet-one mobile-one column_feature_list\">\n<div class=\"mcb-column-inner mcb-column-inner-b04acd6e1 mcb-item-feature_list-inner\">\n<ul>\n<li>Trabajos de limpieza de todo tipo<\/li>\n<li>Servicio de lavander\u00eda<\/li>\n<li>Control de la casa: ventilaci\u00f3n y calefacci\u00f3n regular<\/li>\n<li>Puesta en marcha del agua, calefacci\u00f3n, aire acondicionado y descalcificadores seg\u00fan sus preferencias y ocupaci\u00f3n de la vivienda<\/li>\n<li>Entrega de llaves en llegadas y salidas<\/li>\n<li>Einkaufsservice<\/li>\n<\/ul>\n<\/div>\n<\/div>\n<\/div><div class=\"nav fusion-mobile-tab-nav\"><ul class=\"nav-tabs\" role=\"tablist\" aria-orientation=\"vertical\"><li  role=\"presentation\"><a class=\"tab-link\" data-toggle=\"tab\" role=\"tab\" aria-controls=\"tab-8955ab9b764033bda4f\" aria-selected=\"false\" tabindex=\"-1\" id=\"mobile-fusion-tab-8955ab9b764033bda4f\" href=\"#tab-8955ab9b764033bda4f\"><h4 class=\"fusion-tab-heading\">Mantenimiento de jardines<\/h4><\/a><\/li><\/ul><\/div><div class=\"tab-pane fade fusion-clearfix\" role=\"tabpanel\" tabindex=\"0\" aria-labelledby=\"fusion-tab-8955ab9b764033bda4f\" id=\"tab-8955ab9b764033bda4f\">\n<p>Para que pueda disfrutar de su jard\u00edn mediterr\u00e1neo sin preocupaciones, nos encargamos del mantenimiento y cuidado adecuados en cualquier \u00e9poca del a\u00f1o.<\/p>\n<p>Independientemente del tama\u00f1o del jard\u00edn, nuestros servicios incluyen:<\/p>\n<ul>\n<li>Corte de c\u00e9sped<\/li>\n<li>Eliminaci\u00f3n de malas hierbas<\/li>\n<li>Dise\u00f1o del jard\u00edn y plantaci\u00f3n estacional de flores<\/li>\n<li>Plantaci\u00f3n y poda de \u00e1rboles o arbustos<\/li>\n<li>Inspecci\u00f3n o instalaci\u00f3n de sistemas de riego<\/li>\n<li>Provisi\u00f3n o reparaci\u00f3n de herramientas de jardiner\u00eda<\/li>\n<\/ul>\n<\/div><div class=\"nav fusion-mobile-tab-nav\"><ul class=\"nav-tabs\" role=\"tablist\" aria-orientation=\"vertical\"><li  role=\"presentation\"><a class=\"tab-link\" data-toggle=\"tab\" role=\"tab\" aria-controls=\"tab-c476e81bd45d156d9a9\" aria-selected=\"false\" tabindex=\"-1\" id=\"mobile-fusion-tab-c476e81bd45d156d9a9\" href=\"#tab-c476e81bd45d156d9a9\"><h4 class=\"fusion-tab-heading\">Piscinas y Albercas<\/h4><\/a><\/li><\/ul><\/div><div class=\"tab-pane fade fusion-clearfix\" role=\"tabpanel\" tabindex=\"0\" aria-labelledby=\"fusion-tab-c476e81bd45d156d9a9\" id=\"tab-c476e81bd45d156d9a9\">\n<p>El mantenimiento regular durante todo el a\u00f1o es imprescindible para una piscina en perfectas condiciones. Si lo desea, utilizamos los meses de invierno, cuando la piscina no est\u00e1 en uso, para realizar nuevos alicatados. trabajos de rejuntado.<\/p>\n<ul>\n<li>Limpieza de la piscina frecuencia seg\u00fan la temporada y necesidad<\/li>\n<li>Control y suministro de productos para el mantenimiento del agua<\/li>\n<li>Mantenimiento del sistema de tratamiento del agua<\/li>\n<li>Reparaci\u00f3n del sistema de tratamiento del agua: ofrecemos un servicio t\u00e9cnico para la reparaci\u00f3n de su sistema, incluyendo el cambio de piezas, motores, v\u00e1lvulas, filtros, etc., que requieren atenci\u00f3n inmediata.<\/li>\n<\/ul>\n<\/div><div class=\"nav fusion-mobile-tab-nav\"><ul class=\"nav-tabs\" role=\"tablist\" aria-orientation=\"vertical\"><li  role=\"presentation\"><a class=\"tab-link\" data-toggle=\"tab\" role=\"tab\" aria-controls=\"tab-20fe8da9997380f11f8\" aria-selected=\"false\" tabindex=\"-1\" id=\"mobile-fusion-tab-20fe8da9997380f11f8\" href=\"#tab-20fe8da9997380f11f8\"><h4 class=\"fusion-tab-heading\">Servicio de Mantenimiento<\/h4><\/a><\/li><\/ul><\/div><div class=\"tab-pane fade fusion-clearfix\" role=\"tabpanel\" tabindex=\"0\" aria-labelledby=\"fusion-tab-20fe8da9997380f11f8\" id=\"tab-20fe8da9997380f11f8\">\n<p>Casi todas las casas o apartamentos cuentan con agua caliente, calefacci\u00f3n, calderas el\u00e9ctricas, paneles solares, calderas de gas, sistemas de condensaci\u00f3n, calefacci\u00f3n de gas\u00f3leo o aire acondicionado. Todo esto requiere un mantenimiento regular, ya sea por disposiciones legales, por su seguridad o para un funcionamiento eficiente. Una buena prevenci\u00f3n de incendios incluye extintores, detectores de humo, mantas ign\u00edfugas, etc., as\u00ed como un sistema de alarma contra robos. Nosotros organizamos la instalaci\u00f3n y usted no tiene que preocuparse por nada.<\/p>\n<ul>\n<li>Servicios de emergencia en caso de aver\u00edas<\/li>\n<li>Servicios de emergencia en caso de aver\u00edas<\/li>\n<\/ul>\n<\/div><div class=\"nav fusion-mobile-tab-nav\"><ul class=\"nav-tabs\" role=\"tablist\" aria-orientation=\"vertical\"><li  role=\"presentation\"><a class=\"tab-link\" data-toggle=\"tab\" role=\"tab\" aria-controls=\"tab-3d05d2c7a5ef7581eff\" aria-selected=\"false\" tabindex=\"-1\" id=\"mobile-fusion-tab-3d05d2c7a5ef7581eff\" href=\"#tab-3d05d2c7a5ef7581eff\"><h4 class=\"fusion-tab-heading\"> Cuidado de \u00c1reas Comunes<\/h4><\/a><\/li><\/ul><\/div><div class=\"tab-pane fade fusion-clearfix\" role=\"tabpanel\" tabindex=\"0\" aria-labelledby=\"fusion-tab-3d05d2c7a5ef7581eff\" id=\"tab-3d05d2c7a5ef7581eff\">\n<p>Las \u00e1reas comunes suelen disponer de piscinas, zonas exteriores, jardines, \u00e1reas compartidas o ascensores.<\/p>\n<ul>\n<li>Mantenimiento de piscinas<\/li>\n<li>Limpieza y cuidado de \u00e1reas comunes<\/li>\n<li>Mantenimiento de jardines<\/li>\n<li>Conservaci\u00f3n de instalaciones<\/li>\n<li>Reparaciones<\/li>\n<li>Mantenimiento de ascensores<\/li>\n<\/ul>\n<\/div><\/div><\/div><\/div><\/div><\/div><\/div><\/p>\n","protected":false},"excerpt":{"rendered":"","protected":false},"author":1,"featured_media":0,"parent":2363,"menu_order":0,"comment_status":"closed","ping_status":"closed","template":"100-width.php","meta":{"footnotes":""},"class_list":["post-2444","page","type-page","status-publish","hentry"],"_links":{"self":[{"href":"https:\/\/scap-servicios.com\/es\/wp-json\/wp\/v2\/pages\/2444","targetHints":{"allow":["GET"]}}],"collection":[{"href":"https:\/\/scap-servicios.com\/es\/wp-json\/wp\/v2\/pages"}],"about":[{"href":"https:\/\/scap-servicios.com\/es\/wp-json\/wp\/v2\/types\/page"}],"author":[{"embeddable":true,"href":"https:\/\/scap-servicios.com\/es\/wp-json\/wp\/v2\/users\/1"}],"replies":[{"embeddable":true,"href":"https:\/\/scap-servicios.com\/es\/wp-json\/wp\/v2\/comments?post=2444"}],"version-history":[{"count":4,"href":"https:\/\/scap-servicios.com\/es\/wp-json\/wp\/v2\/pages\/2444\/revisions"}],"predecessor-version":[{"id":2453,"href":"https:\/\/scap-servicios.com\/es\/wp-json\/wp\/v2\/pages\/2444\/revisions\/2453"}],"up":[{"embeddable":true,"href":"https:\/\/scap-servicios.com\/es\/wp-json\/wp\/v2\/pages\/2363"}],"wp:attachment":[{"href":"https:\/\/scap-servicios.com\/es\/wp-json\/wp\/v2\/media?parent=2444"}],"curies":[{"name":"wp","href":"https:\/\/api.w.org\/{rel}","templated":true}]}}