{"id":2379,"date":"2024-01-16T17:15:33","date_gmt":"2024-01-16T17:15:33","guid":{"rendered":"https:\/\/scap-servicios.com\/scap-servicios\/administrative-support\/"},"modified":"2024-11-27T10:09:39","modified_gmt":"2024-11-27T10:09:39","slug":"administrative-support","status":"publish","type":"page","link":"https:\/\/scap-servicios.com\/en\/scap-servicios\/administrative-support\/","title":{"rendered":"Administrative support"},"content":{"rendered":"<p><div class=\"fusion-fullwidth fullwidth-box fusion-builder-row-1 fusion-flex-container has-pattern-background has-mask-background fusion-parallax-none nonhundred-percent-fullwidth non-hundred-percent-height-scrolling lazyload\" style=\"--awb-border-radius-top-left:0px;--awb-border-radius-top-right:0px;--awb-border-radius-bottom-right:0px;--awb-border-radius-bottom-left:0px;--awb-padding-top:240px;--awb-padding-bottom:240px;--awb-background-size:cover;--awb-flex-wrap:wrap;\" data-bg=\"http:\/\/scap-servicios.com\/wp-content\/uploads\/2024\/01\/Design-ohne-Titel-48.png\" ><div class=\"fusion-builder-row fusion-row fusion-flex-align-items-flex-start fusion-flex-align-content-center fusion-flex-content-wrap\" style=\"max-width:1216.8px;margin-left: calc(-4% \/ 2 );margin-right: calc(-4% \/ 2 );\"><div class=\"fusion-layout-column fusion_builder_column fusion-builder-column-0 fusion_builder_column_1_1 1_1 fusion-flex-column fusion-animated\" style=\"--awb-bg-size:cover;--awb-width-large:100%;--awb-margin-top-large:0px;--awb-spacing-right-large:1.92%;--awb-margin-bottom-large:0px;--awb-spacing-left-large:1.92%;--awb-width-medium:100%;--awb-order-medium:0;--awb-spacing-right-medium:1.92%;--awb-spacing-left-medium:1.92%;--awb-width-small:100%;--awb-order-small:0;--awb-spacing-right-small:1.92%;--awb-spacing-left-small:1.92%;\" data-animationType=\"fadeInUp\" data-animationDuration=\"1.0\" data-animationOffset=\"top-into-view\"><div class=\"fusion-column-wrapper fusion-column-has-shadow fusion-flex-justify-content-flex-start fusion-content-layout-column\"><div class=\"fusion-title title fusion-title-1 fusion-sep-none fusion-title-center fusion-title-text fusion-title-size-one\" style=\"--awb-text-color:var(--awb-color1);--awb-margin-bottom:0px;--awb-margin-top-small:0px;--awb-margin-right-small:0px;--awb-margin-bottom-small:20px;--awb-margin-left-small:0px;--awb-font-size:var(--awb-typography1-font-size);\"><h1 class=\"fusion-title-heading title-heading-center fusion-responsive-typography-calculated\" style=\"font-family:&quot;Raleway&quot;;font-style:normal;font-weight:800;margin:0;letter-spacing:var(--awb-typography1-letter-spacing);text-transform:var(--awb-typography1-text-transform);font-size:1em;--fontSize:60;line-height:var(--awb-typography1-line-height);\">Administrative support<\/h1><\/div><\/div><\/div><\/div><\/div><div class=\"fusion-fullwidth fullwidth-box fusion-builder-row-2 fusion-flex-container nonhundred-percent-fullwidth non-hundred-percent-height-scrolling\" style=\"--awb-background-position:left top;--awb-border-sizes-top:0px;--awb-border-sizes-bottom:0px;--awb-border-sizes-left:0px;--awb-border-sizes-right:0px;--awb-border-radius-top-left:0px;--awb-border-radius-top-right:0px;--awb-border-radius-bottom-right:0px;--awb-border-radius-bottom-left:0px;--awb-padding-top:50px;--awb-padding-bottom:50px;--awb-background-color:var(--awb-color5);--awb-flex-wrap:wrap;\" ><div class=\"fusion-builder-row fusion-row fusion-flex-align-items-flex-start fusion-flex-content-wrap\" style=\"max-width:calc( 1170px + 0px );margin-left: calc(-0px \/ 2 );margin-right: calc(-0px \/ 2 );\"><div class=\"fusion-layout-column fusion_builder_column fusion-builder-column-1 fusion_builder_column_1_1 1_1 fusion-flex-column\" style=\"--awb-bg-blend:overlay;--awb-bg-size:cover;--awb-width-large:100%;--awb-margin-top-large:0px;--awb-spacing-right-large:0px;--awb-margin-bottom-large:0px;--awb-spacing-left-large:0px;--awb-width-medium:100%;--awb-spacing-right-medium:0px;--awb-spacing-left-medium:0px;--awb-width-small:100%;--awb-spacing-right-small:0px;--awb-spacing-left-small:0px;\"><div class=\"fusion-column-wrapper fusion-flex-justify-content-flex-start fusion-content-layout-column\"><div class=\"fusion-title title fusion-title-2 fusion-sep-none fusion-title-center fusion-title-text fusion-title-size-four\" style=\"--awb-margin-top-small:0px;--awb-margin-right-small:0px;--awb-margin-bottom-small:10px;--awb-margin-left-small:0px;\"><h4 class=\"fusion-title-heading title-heading-center fusion-responsive-typography-calculated\" style=\"margin:0;text-transform:none;--fontSize:18;--minFontSize:18;line-height:1.52;\">Do you need a notary, lawyer, tax consultant or translator? We can help here too.<\/h4><\/div><\/div><\/div><\/div><\/div><div class=\"fusion-fullwidth fullwidth-box fusion-builder-row-3 fusion-flex-container nonhundred-percent-fullwidth non-hundred-percent-height-scrolling\" style=\"--awb-background-position:left top;--awb-border-sizes-top:0px;--awb-border-sizes-bottom:0px;--awb-border-sizes-left:0px;--awb-border-sizes-right:0px;--awb-border-radius-top-left:0px;--awb-border-radius-top-right:0px;--awb-border-radius-bottom-right:0px;--awb-border-radius-bottom-left:0px;--awb-padding-top:0px;--awb-padding-bottom:20px;--awb-background-color:var(--awb-color1);--awb-flex-wrap:wrap;\" ><div class=\"fusion-builder-row fusion-row fusion-flex-align-items-flex-start fusion-flex-content-wrap\" style=\"max-width:calc( 1170px + 0px );margin-left: calc(-0px \/ 2 );margin-right: calc(-0px \/ 2 );\"><div class=\"fusion-layout-column fusion_builder_column fusion-builder-column-2 fusion_builder_column_1_1 1_1 fusion-flex-column\" style=\"--awb-bg-blend:overlay;--awb-bg-size:cover;--awb-width-large:100%;--awb-margin-top-large:-22px;--awb-spacing-right-large:0px;--awb-margin-bottom-large:0px;--awb-spacing-left-large:0px;--awb-width-medium:100%;--awb-spacing-right-medium:0px;--awb-spacing-left-medium:0px;--awb-width-small:100%;--awb-spacing-right-small:0px;--awb-spacing-left-small:0px;\"><div class=\"fusion-column-wrapper fusion-flex-justify-content-flex-start fusion-content-layout-column\"><div style=\"text-align:center;\"><a class=\"fusion-button button-flat fusion-button-default-size button-custom fusion-button-default button-1 fusion-button-default-span fusion-button-default-type dark-button\" style=\"--button_accent_color:var(--awb-color1);--button_border_color:var(--awb-color1);--button_accent_hover_color:var(--awb-color8);--button_border_hover_color:var(--awb-color8);--button_border_width-top:2px;--button_border_width-right:2px;--button_border_width-bottom:2px;--button_border_width-left:2px;--button_gradient_top_color:var(--awb-color8);--button_gradient_bottom_color:var(--awb-color8);--button_gradient_top_color_hover:var(--awb-color1);--button_gradient_bottom_color_hover:var(--awb-color1);\" target=\"_self\" href=\"https:\/\/scap-servicios.com\/en\/contact\/\"><span class=\"fusion-button-text awb-button__text awb-button__text--default\">Request services<\/span><\/a><\/div><\/div><\/div><\/div><\/div><div class=\"fusion-fullwidth fullwidth-box fusion-builder-row-4 fusion-flex-container nonhundred-percent-fullwidth non-hundred-percent-height-scrolling\" style=\"--awb-background-position:left top;--awb-border-sizes-top:0px;--awb-border-sizes-bottom:0px;--awb-border-sizes-left:0px;--awb-border-sizes-right:0px;--awb-border-radius-top-left:0px;--awb-border-radius-top-right:0px;--awb-border-radius-bottom-right:0px;--awb-border-radius-bottom-left:0px;--awb-padding-top:3%;--awb-padding-bottom:2%;--awb-background-color:var(--awb-color1);--awb-flex-wrap:wrap;\" ><div class=\"fusion-builder-row fusion-row fusion-flex-align-items-flex-start fusion-flex-content-wrap\" style=\"max-width:1216.8px;margin-left: calc(-4% \/ 2 );margin-right: calc(-4% \/ 2 );\"><div class=\"fusion-layout-column fusion_builder_column fusion-builder-column-3 fusion_builder_column_1_1 1_1 fusion-flex-column\" style=\"--awb-bg-blend:overlay;--awb-bg-size:cover;--awb-width-large:100%;--awb-margin-top-large:50px;--awb-spacing-right-large:1.92%;--awb-margin-bottom-large:25px;--awb-spacing-left-large:1.92%;--awb-width-medium:100%;--awb-margin-top-medium:30px;--awb-spacing-right-medium:1.92%;--awb-spacing-left-medium:1.92%;--awb-width-small:100%;--awb-margin-top-small:10px;--awb-spacing-right-small:1.92%;--awb-spacing-left-small:1.92%;\"><div class=\"fusion-column-wrapper fusion-flex-justify-content-flex-start fusion-content-layout-column\"><div class=\"fusion-tabs fusion-tabs-1 clean vertical-tabs icon-position-left mobile-mode-accordion\" style=\"--awb-title-border-radius-top-left:0px;--awb-title-border-radius-top-right:0px;--awb-title-border-radius-bottom-right:0px;--awb-title-border-radius-bottom-left:0px;--awb-alignment:start;--awb-inactive-color:var(--awb-color2);--awb-background-color:var(--awb-color5);--awb-border-color:rgba(245,245,245,0);--awb-active-border-color:var(--awb-color5);\"><div class=\"nav\"><ul class=\"nav-tabs\" role=\"tablist\" aria-orientation=\"vertical\"><li class=\"active\" role=\"presentation\"><a class=\"tab-link\" data-toggle=\"tab\" role=\"tab\" aria-controls=\"tab-fc7f90fc2e1d26f4ef2\" aria-selected=\"true\" tabindex=\"0\" id=\"fusion-tab-fc7f90fc2e1d26f4ef2\" href=\"#tab-fc7f90fc2e1d26f4ef2\"><h4 class=\"fusion-tab-heading\">Tax advice &amp; service<\/h4><\/a><\/li><li  role=\"presentation\"><a class=\"tab-link\" data-toggle=\"tab\" role=\"tab\" aria-controls=\"tab-122bb44104f12746a10\" aria-selected=\"false\" tabindex=\"-1\" id=\"fusion-tab-122bb44104f12746a10\" href=\"#tab-122bb44104f12746a10\"><h4 class=\"fusion-tab-heading\">Dealing with authorities<\/h4><\/a><\/li><li  role=\"presentation\"><a class=\"tab-link\" data-toggle=\"tab\" role=\"tab\" aria-controls=\"tab-f4e3cd5c616f912683f\" aria-selected=\"false\" tabindex=\"-1\" id=\"fusion-tab-f4e3cd5c616f912683f\" href=\"#tab-f4e3cd5c616f912683f\"><h4 class=\"fusion-tab-heading\">General hurdles<\/h4><\/a><\/li><li  role=\"presentation\"><a class=\"tab-link\" data-toggle=\"tab\" role=\"tab\" aria-controls=\"tab-83440f12e66e26aea58\" aria-selected=\"false\" tabindex=\"-1\" id=\"fusion-tab-83440f12e66e26aea58\" href=\"#tab-83440f12e66e26aea58\"><h4 class=\"fusion-tab-heading\">Notary &amp; Legal Advice<\/h4><\/a><\/li><li  role=\"presentation\"><a class=\"tab-link\" data-toggle=\"tab\" role=\"tab\" aria-controls=\"tab-1bf14b197c65734be34\" aria-selected=\"false\" tabindex=\"-1\" id=\"fusion-tab-1bf14b197c65734be34\" href=\"#tab-1bf14b197c65734be34\"><h4 class=\"fusion-tab-heading\"> Translation service<\/h4><\/a><\/li><\/ul><\/div><div class=\"tab-content\"><div class=\"nav fusion-mobile-tab-nav\"><ul class=\"nav-tabs\" role=\"tablist\" aria-orientation=\"vertical\"><li class=\"active\" role=\"presentation\"><a class=\"tab-link\" data-toggle=\"tab\" role=\"tab\" aria-controls=\"tab-fc7f90fc2e1d26f4ef2\" aria-selected=\"true\" tabindex=\"0\" id=\"mobile-fusion-tab-fc7f90fc2e1d26f4ef2\" href=\"#tab-fc7f90fc2e1d26f4ef2\"><h4 class=\"fusion-tab-heading\">Tax advice &amp; service<\/h4><\/a><\/li><\/ul><\/div><div class=\"tab-pane fade fusion-clearfix in active\" role=\"tabpanel\" tabindex=\"0\" aria-labelledby=\"fusion-tab-fc7f90fc2e1d26f4ef2\" id=\"tab-fc7f90fc2e1d26f4ef2\">\n<p>&#8211; Property tax return (Mod. 210) for non-residents<br \/>\n&#8211; Tax return for letting<br \/>\n&#8211; Municipal taxes (property tax, rubbish collection, vehicle tax)<br \/>\n&#8211; Direct debit authorisation for taxes<\/p>\n<\/div><div class=\"nav fusion-mobile-tab-nav\"><ul class=\"nav-tabs\" role=\"tablist\" aria-orientation=\"vertical\"><li  role=\"presentation\"><a class=\"tab-link\" data-toggle=\"tab\" role=\"tab\" aria-controls=\"tab-122bb44104f12746a10\" aria-selected=\"false\" tabindex=\"-1\" id=\"mobile-fusion-tab-122bb44104f12746a10\" href=\"#tab-122bb44104f12746a10\"><h4 class=\"fusion-tab-heading\">Dealing with authorities<\/h4><\/a><\/li><\/ul><\/div><div class=\"tab-pane fade fusion-clearfix\" role=\"tabpanel\" tabindex=\"0\" aria-labelledby=\"fusion-tab-122bb44104f12746a10\" id=\"tab-122bb44104f12746a10\">\n<p>&#8211; Town hall matters<br \/>\n&#8211; Registration certificate<br \/>\n&#8211; Application for the NIE (Spanish tax number)<br \/>\n&#8211; Land registry matters<br \/>\n&#8211; Obtaining the energy certificate you need for renting or selling<\/p>\n<\/div><div class=\"nav fusion-mobile-tab-nav\"><ul class=\"nav-tabs\" role=\"tablist\" aria-orientation=\"vertical\"><li  role=\"presentation\"><a class=\"tab-link\" data-toggle=\"tab\" role=\"tab\" aria-controls=\"tab-f4e3cd5c616f912683f\" aria-selected=\"false\" tabindex=\"-1\" id=\"mobile-fusion-tab-f4e3cd5c616f912683f\" href=\"#tab-f4e3cd5c616f912683f\"><h4 class=\"fusion-tab-heading\">General hurdles<\/h4><\/a><\/li><\/ul><\/div><div class=\"tab-pane fade fusion-clearfix\" role=\"tabpanel\" tabindex=\"0\" aria-labelledby=\"fusion-tab-f4e3cd5c616f912683f\" id=\"tab-f4e3cd5c616f912683f\">\n<p>&#8211; Electricity supplier: change of electricity supplier, online access, procurement of missing bills, contract amendment<br \/>\n&#8211; Gas\/heating oil supplier<br \/>\n&#8211; Telephone provider: New telephone line, internet, cancellation of an existing telephone line, online access (you haven&#8217;t received a bill for ages?)<\/p>\n<\/div><div class=\"nav fusion-mobile-tab-nav\"><ul class=\"nav-tabs\" role=\"tablist\" aria-orientation=\"vertical\"><li  role=\"presentation\"><a class=\"tab-link\" data-toggle=\"tab\" role=\"tab\" aria-controls=\"tab-83440f12e66e26aea58\" aria-selected=\"false\" tabindex=\"-1\" id=\"mobile-fusion-tab-83440f12e66e26aea58\" href=\"#tab-83440f12e66e26aea58\"><h4 class=\"fusion-tab-heading\">Notary &amp; Legal Advice<\/h4><\/a><\/li><\/ul><\/div><div class=\"tab-pane fade fusion-clearfix\" role=\"tabpanel\" tabindex=\"0\" aria-labelledby=\"fusion-tab-83440f12e66e26aea58\" id=\"tab-83440f12e66e26aea58\">\n<p>We will accompany you to the notary and find you a lawyer in your language. We recommend all our clients who have property and\/or a bank account in Spain to make a will in order to avoid inheritance disputes in the event of death.<\/p>\n<p>&#8211; Powers of attorney<br \/>\n&#8211; Purchase and sale matters<br \/>\n&#8211; Wills<br \/>\n&#8211; Inheritance matters<br \/>\n&#8211; Criminal law<br \/>\n&#8211; Civil law<br \/>\n&#8211; Labour law<\/p>\n<\/div><div class=\"nav fusion-mobile-tab-nav\"><ul class=\"nav-tabs\" role=\"tablist\" aria-orientation=\"vertical\"><li  role=\"presentation\"><a class=\"tab-link\" data-toggle=\"tab\" role=\"tab\" aria-controls=\"tab-1bf14b197c65734be34\" aria-selected=\"false\" tabindex=\"-1\" id=\"mobile-fusion-tab-1bf14b197c65734be34\" href=\"#tab-1bf14b197c65734be34\"><h4 class=\"fusion-tab-heading\"> Translation service<\/h4><\/a><\/li><\/ul><\/div><div class=\"tab-pane fade fusion-clearfix\" role=\"tabpanel\" tabindex=\"0\" aria-labelledby=\"fusion-tab-1bf14b197c65734be34\" id=\"tab-1bf14b197c65734be34\">\n<p>Wir veranlassen \u00dcbersetzungen amtlicher, gesch\u00e4ftlicher, technischer oder rechtlicher Texte \u00fcber staatlich gepr\u00fcfte \u00dcbersetzer.<br \/>\nSelbstverst\u00e4ndlich helfen wir Ihnen auch bei normalen \u00dcbersetzungen und erteilen Ihnen auf Wunsch Ausk\u00fcnfte aller Art.<br \/>\nUnsere Mitarbeiter sprechen folgende Sprachen:<\/p>\n<p>\u2022 Deutsch<br \/>\n\u2022 Englisch<br \/>\n\u2022 Franz\u00f6sisch<br \/>\n\u2022 Italienisch<br \/>\n\u2022 Spanisch<br \/>\n\u2022 Catala<\/p>\n<\/div><\/div><\/div><\/div><\/div><\/div><\/div><\/p>\n","protected":false},"excerpt":{"rendered":"","protected":false},"author":1,"featured_media":0,"parent":2360,"menu_order":0,"comment_status":"closed","ping_status":"closed","template":"100-width.php","meta":{"footnotes":""},"class_list":["post-2379","page","type-page","status-publish","hentry"],"_links":{"self":[{"href":"https:\/\/scap-servicios.com\/en\/wp-json\/wp\/v2\/pages\/2379","targetHints":{"allow":["GET"]}}],"collection":[{"href":"https:\/\/scap-servicios.com\/en\/wp-json\/wp\/v2\/pages"}],"about":[{"href":"https:\/\/scap-servicios.com\/en\/wp-json\/wp\/v2\/types\/page"}],"author":[{"embeddable":true,"href":"https:\/\/scap-servicios.com\/en\/wp-json\/wp\/v2\/users\/1"}],"replies":[{"embeddable":true,"href":"https:\/\/scap-servicios.com\/en\/wp-json\/wp\/v2\/comments?post=2379"}],"version-history":[{"count":2,"href":"https:\/\/scap-servicios.com\/en\/wp-json\/wp\/v2\/pages\/2379\/revisions"}],"predecessor-version":[{"id":2381,"href":"https:\/\/scap-servicios.com\/en\/wp-json\/wp\/v2\/pages\/2379\/revisions\/2381"}],"up":[{"embeddable":true,"href":"https:\/\/scap-servicios.com\/en\/wp-json\/wp\/v2\/pages\/2360"}],"wp:attachment":[{"href":"https:\/\/scap-servicios.com\/en\/wp-json\/wp\/v2\/media?parent=2379"}],"curies":[{"name":"wp","href":"https:\/\/api.w.org\/{rel}","templated":true}]}}